{"id":73,"date":"2021-05-13T03:15:15","date_gmt":"2021-05-13T03:15:15","guid":{"rendered":"http:\/\/vmwaretutorial.alonsocr.com\/?page_id=73"},"modified":"2021-05-27T02:05:04","modified_gmt":"2021-05-27T02:05:04","slug":"terminar-la-session-en-una-maquina-virtual","status":"publish","type":"page","link":"https:\/\/vmwaretutorial.alonsocr.com\/?page_id=73","title":{"rendered":"Terminar la sesi\u00f3n en una m\u00e1quina virtual"},"content":{"rendered":"\n<p>Para finalizar la sesi\u00f3n se nos van a presentar dos opciones, Disconnect y Disconnect and Log Off. Disconnect: nos permite salir de la sesi\u00f3n pero mantener la m\u00e1quina virtual trabajando como la dejamos. Solo las m\u00e1quinas ANSYS, RDS y TOWER poseen la opci\u00f3n de desconectarnos sin que se cierre nuestra sesi\u00f3n. En el resto de las m\u00e1quinas, esta opci\u00f3n hace tambi\u00e9n la funci\u00f3n de Log Off autom\u00e1ticamente.<\/p>\n\n\n\n<p>Disconnect and Log Off: cierra la sesi\u00f3n que ten\u00edamos abierta y libera la m\u00e1quina virtual. Esta opci\u00f3n la seleccionamos, en m\u00e1quinas como las CENTOS y W7 si ya hemos terminado por completo de usarlas.<\/p>\n\n\n\n<p>A continuaci\u00f3n se le muestra como realizar el proceso anteriormente mencionado:<\/p>\n\n\n\n<figure class=\"wp-block-video\"><video controls src=\"http:\/\/vmwaretutorial.alonsocr.com\/wp-content\/uploads\/2021\/05\/descarga_intalacion-8.mp4\"><\/video><\/figure>\n","protected":false},"excerpt":{"rendered":"<p>Para finalizar la sesi\u00f3n se nos van a presentar dos opciones, Disconnect y Disconnect and Log Off. Disconnect: nos permite salir de la sesi\u00f3n pero mantener la m\u00e1quina virtual trabajando como la dejamos. Solo las m\u00e1quinas ANSYS, RDS y TOWER poseen la opci\u00f3n de desconectarnos sin que se cierre nuestra sesi\u00f3n. En el resto de [&hellip;]<\/p>\n","protected":false},"author":1,"featured_media":0,"parent":0,"menu_order":0,"comment_status":"closed","ping_status":"closed","template":"","meta":{"footnotes":""},"class_list":["post-73","page","type-page","status-publish","hentry"],"yoast_head":"<!-- This site is optimized with the Yoast SEO plugin v26.8 - https:\/\/yoast.com\/product\/yoast-seo-wordpress\/ -->\n<title>Terminar la sesi\u00f3n en una m\u00e1quina virtual - Tutorial VMWare<\/title>\n<meta name=\"robots\" content=\"index, follow, max-snippet:-1, max-image-preview:large, max-video-preview:-1\" \/>\n<link rel=\"canonical\" href=\"https:\/\/vmwaretutorial.alonsocr.com\/?page_id=73\" \/>\n<meta property=\"og:locale\" content=\"es_ES\" \/>\n<meta property=\"og:type\" content=\"article\" \/>\n<meta property=\"og:title\" content=\"Terminar la sesi\u00f3n en una m\u00e1quina virtual - Tutorial VMWare\" \/>\n<meta property=\"og:description\" content=\"Para finalizar la sesi\u00f3n se nos van a presentar dos opciones, Disconnect y Disconnect and Log Off. Disconnect: nos permite salir de la sesi\u00f3n pero mantener la m\u00e1quina virtual trabajando como la dejamos. Solo las m\u00e1quinas ANSYS, RDS y TOWER poseen la opci\u00f3n de desconectarnos sin que se cierre nuestra sesi\u00f3n. En el resto de [&hellip;]\" \/>\n<meta property=\"og:url\" content=\"https:\/\/vmwaretutorial.alonsocr.com\/?page_id=73\" \/>\n<meta property=\"og:site_name\" content=\"Tutorial VMWare\" \/>\n<meta property=\"article:modified_time\" content=\"2021-05-27T02:05:04+00:00\" \/>\n<meta name=\"twitter:card\" content=\"summary_large_image\" \/>\n<meta name=\"twitter:label1\" content=\"Est. reading time\" \/>\n\t<meta name=\"twitter:data1\" content=\"1 minuto\" \/>\n<script type=\"application\/ld+json\" class=\"yoast-schema-graph\">{\"@context\":\"https:\/\/schema.org\",\"@graph\":[{\"@type\":\"WebPage\",\"@id\":\"https:\/\/vmwaretutorial.alonsocr.com\/?page_id=73\",\"url\":\"https:\/\/vmwaretutorial.alonsocr.com\/?page_id=73\",\"name\":\"Terminar la sesi\u00f3n en una m\u00e1quina virtual - Tutorial VMWare\",\"isPartOf\":{\"@id\":\"https:\/\/vmwaretutorial.alonsocr.com\/#website\"},\"datePublished\":\"2021-05-13T03:15:15+00:00\",\"dateModified\":\"2021-05-27T02:05:04+00:00\",\"breadcrumb\":{\"@id\":\"https:\/\/vmwaretutorial.alonsocr.com\/?page_id=73#breadcrumb\"},\"inLanguage\":\"es-CR\",\"potentialAction\":[{\"@type\":\"ReadAction\",\"target\":[\"https:\/\/vmwaretutorial.alonsocr.com\/?page_id=73\"]}]},{\"@type\":\"BreadcrumbList\",\"@id\":\"https:\/\/vmwaretutorial.alonsocr.com\/?page_id=73#breadcrumb\",\"itemListElement\":[{\"@type\":\"ListItem\",\"position\":1,\"name\":\"Home\",\"item\":\"https:\/\/vmwaretutorial.alonsocr.com\/\"},{\"@type\":\"ListItem\",\"position\":2,\"name\":\"Terminar la sesi\u00f3n en una m\u00e1quina virtual\"}]},{\"@type\":\"WebSite\",\"@id\":\"https:\/\/vmwaretutorial.alonsocr.com\/#website\",\"url\":\"https:\/\/vmwaretutorial.alonsocr.com\/\",\"name\":\"Tutorial VMWare\",\"description\":\"Inicio\",\"potentialAction\":[{\"@type\":\"SearchAction\",\"target\":{\"@type\":\"EntryPoint\",\"urlTemplate\":\"https:\/\/vmwaretutorial.alonsocr.com\/?s={search_term_string}\"},\"query-input\":{\"@type\":\"PropertyValueSpecification\",\"valueRequired\":true,\"valueName\":\"search_term_string\"}}],\"inLanguage\":\"es-CR\"}]}<\/script>\n<!-- \/ Yoast SEO plugin. -->","yoast_head_json":{"title":"Terminar la sesi\u00f3n en una m\u00e1quina virtual - Tutorial VMWare","robots":{"index":"index","follow":"follow","max-snippet":"max-snippet:-1","max-image-preview":"max-image-preview:large","max-video-preview":"max-video-preview:-1"},"canonical":"https:\/\/vmwaretutorial.alonsocr.com\/?page_id=73","og_locale":"es_ES","og_type":"article","og_title":"Terminar la sesi\u00f3n en una m\u00e1quina virtual - Tutorial VMWare","og_description":"Para finalizar la sesi\u00f3n se nos van a presentar dos opciones, Disconnect y Disconnect and Log Off. Disconnect: nos permite salir de la sesi\u00f3n pero mantener la m\u00e1quina virtual trabajando como la dejamos. Solo las m\u00e1quinas ANSYS, RDS y TOWER poseen la opci\u00f3n de desconectarnos sin que se cierre nuestra sesi\u00f3n. En el resto de [&hellip;]","og_url":"https:\/\/vmwaretutorial.alonsocr.com\/?page_id=73","og_site_name":"Tutorial VMWare","article_modified_time":"2021-05-27T02:05:04+00:00","twitter_card":"summary_large_image","twitter_misc":{"Est. reading time":"1 minuto"},"schema":{"@context":"https:\/\/schema.org","@graph":[{"@type":"WebPage","@id":"https:\/\/vmwaretutorial.alonsocr.com\/?page_id=73","url":"https:\/\/vmwaretutorial.alonsocr.com\/?page_id=73","name":"Terminar la sesi\u00f3n en una m\u00e1quina virtual - Tutorial VMWare","isPartOf":{"@id":"https:\/\/vmwaretutorial.alonsocr.com\/#website"},"datePublished":"2021-05-13T03:15:15+00:00","dateModified":"2021-05-27T02:05:04+00:00","breadcrumb":{"@id":"https:\/\/vmwaretutorial.alonsocr.com\/?page_id=73#breadcrumb"},"inLanguage":"es-CR","potentialAction":[{"@type":"ReadAction","target":["https:\/\/vmwaretutorial.alonsocr.com\/?page_id=73"]}]},{"@type":"BreadcrumbList","@id":"https:\/\/vmwaretutorial.alonsocr.com\/?page_id=73#breadcrumb","itemListElement":[{"@type":"ListItem","position":1,"name":"Home","item":"https:\/\/vmwaretutorial.alonsocr.com\/"},{"@type":"ListItem","position":2,"name":"Terminar la sesi\u00f3n en una m\u00e1quina virtual"}]},{"@type":"WebSite","@id":"https:\/\/vmwaretutorial.alonsocr.com\/#website","url":"https:\/\/vmwaretutorial.alonsocr.com\/","name":"Tutorial VMWare","description":"Inicio","potentialAction":[{"@type":"SearchAction","target":{"@type":"EntryPoint","urlTemplate":"https:\/\/vmwaretutorial.alonsocr.com\/?s={search_term_string}"},"query-input":{"@type":"PropertyValueSpecification","valueRequired":true,"valueName":"search_term_string"}}],"inLanguage":"es-CR"}]}},"_links":{"self":[{"href":"https:\/\/vmwaretutorial.alonsocr.com\/index.php?rest_route=\/wp\/v2\/pages\/73","targetHints":{"allow":["GET"]}}],"collection":[{"href":"https:\/\/vmwaretutorial.alonsocr.com\/index.php?rest_route=\/wp\/v2\/pages"}],"about":[{"href":"https:\/\/vmwaretutorial.alonsocr.com\/index.php?rest_route=\/wp\/v2\/types\/page"}],"author":[{"embeddable":true,"href":"https:\/\/vmwaretutorial.alonsocr.com\/index.php?rest_route=\/wp\/v2\/users\/1"}],"replies":[{"embeddable":true,"href":"https:\/\/vmwaretutorial.alonsocr.com\/index.php?rest_route=%2Fwp%2Fv2%2Fcomments&post=73"}],"version-history":[{"count":2,"href":"https:\/\/vmwaretutorial.alonsocr.com\/index.php?rest_route=\/wp\/v2\/pages\/73\/revisions"}],"predecessor-version":[{"id":367,"href":"https:\/\/vmwaretutorial.alonsocr.com\/index.php?rest_route=\/wp\/v2\/pages\/73\/revisions\/367"}],"wp:attachment":[{"href":"https:\/\/vmwaretutorial.alonsocr.com\/index.php?rest_route=%2Fwp%2Fv2%2Fmedia&parent=73"}],"curies":[{"name":"wp","href":"https:\/\/api.w.org\/{rel}","templated":true}]}}