{"id":70,"date":"2021-05-13T03:14:13","date_gmt":"2021-05-13T03:14:13","guid":{"rendered":"http:\/\/vmwaretutorial.alonsocr.com\/?page_id=70"},"modified":"2021-05-13T03:14:13","modified_gmt":"2021-05-13T03:14:13","slug":"uso-de-perifericos-conectados","status":"publish","type":"page","link":"https:\/\/vmwaretutorial.alonsocr.com\/?page_id=70","title":{"rendered":"Uso de perif\u00e9ricos conectados"},"content":{"rendered":"\n<p>Se puede hacer uso de perif\u00e9ricos que conectemos a nuestra computadora<\/p>\n\n\n\n<p>En el siguiente video se le mostrar\u00e1 como debe hacerlo.<\/p>\n\n\n\n<figure class=\"wp-block-video\"><video controls src=\"http:\/\/vmwaretutorial.alonsocr.com\/wp-content\/uploads\/2021\/05\/descarga_intalacion-7.mp4\"><\/video><\/figure>\n","protected":false},"excerpt":{"rendered":"<p>Se puede hacer uso de perif\u00e9ricos que conectemos a nuestra computadora En el siguiente video se le mostrar\u00e1 como debe hacerlo.<\/p>\n","protected":false},"author":1,"featured_media":0,"parent":0,"menu_order":0,"comment_status":"closed","ping_status":"closed","template":"","meta":{"footnotes":""},"class_list":["post-70","page","type-page","status-publish","hentry"],"yoast_head":"<!-- This site is optimized with the Yoast SEO plugin v26.8 - https:\/\/yoast.com\/product\/yoast-seo-wordpress\/ -->\n<title>Uso de perif\u00e9ricos conectados - Tutorial VMWare<\/title>\n<meta name=\"robots\" content=\"index, follow, max-snippet:-1, max-image-preview:large, max-video-preview:-1\" \/>\n<link rel=\"canonical\" href=\"https:\/\/vmwaretutorial.alonsocr.com\/?page_id=70\" \/>\n<meta property=\"og:locale\" content=\"es_ES\" \/>\n<meta property=\"og:type\" content=\"article\" \/>\n<meta property=\"og:title\" content=\"Uso de perif\u00e9ricos conectados - Tutorial VMWare\" \/>\n<meta property=\"og:description\" content=\"Se puede hacer uso de perif\u00e9ricos que conectemos a nuestra computadora En el siguiente video se le mostrar\u00e1 como debe hacerlo.\" \/>\n<meta property=\"og:url\" content=\"https:\/\/vmwaretutorial.alonsocr.com\/?page_id=70\" \/>\n<meta property=\"og:site_name\" content=\"Tutorial VMWare\" \/>\n<meta name=\"twitter:card\" content=\"summary_large_image\" \/>\n<script type=\"application\/ld+json\" class=\"yoast-schema-graph\">{\"@context\":\"https:\/\/schema.org\",\"@graph\":[{\"@type\":\"WebPage\",\"@id\":\"https:\/\/vmwaretutorial.alonsocr.com\/?page_id=70\",\"url\":\"https:\/\/vmwaretutorial.alonsocr.com\/?page_id=70\",\"name\":\"Uso de perif\u00e9ricos conectados - Tutorial VMWare\",\"isPartOf\":{\"@id\":\"https:\/\/vmwaretutorial.alonsocr.com\/#website\"},\"datePublished\":\"2021-05-13T03:14:13+00:00\",\"breadcrumb\":{\"@id\":\"https:\/\/vmwaretutorial.alonsocr.com\/?page_id=70#breadcrumb\"},\"inLanguage\":\"es-CR\",\"potentialAction\":[{\"@type\":\"ReadAction\",\"target\":[\"https:\/\/vmwaretutorial.alonsocr.com\/?page_id=70\"]}]},{\"@type\":\"BreadcrumbList\",\"@id\":\"https:\/\/vmwaretutorial.alonsocr.com\/?page_id=70#breadcrumb\",\"itemListElement\":[{\"@type\":\"ListItem\",\"position\":1,\"name\":\"Home\",\"item\":\"https:\/\/vmwaretutorial.alonsocr.com\/\"},{\"@type\":\"ListItem\",\"position\":2,\"name\":\"Uso de perif\u00e9ricos conectados\"}]},{\"@type\":\"WebSite\",\"@id\":\"https:\/\/vmwaretutorial.alonsocr.com\/#website\",\"url\":\"https:\/\/vmwaretutorial.alonsocr.com\/\",\"name\":\"Tutorial VMWare\",\"description\":\"Inicio\",\"potentialAction\":[{\"@type\":\"SearchAction\",\"target\":{\"@type\":\"EntryPoint\",\"urlTemplate\":\"https:\/\/vmwaretutorial.alonsocr.com\/?s={search_term_string}\"},\"query-input\":{\"@type\":\"PropertyValueSpecification\",\"valueRequired\":true,\"valueName\":\"search_term_string\"}}],\"inLanguage\":\"es-CR\"}]}<\/script>\n<!-- \/ Yoast SEO plugin. -->","yoast_head_json":{"title":"Uso de perif\u00e9ricos conectados - Tutorial VMWare","robots":{"index":"index","follow":"follow","max-snippet":"max-snippet:-1","max-image-preview":"max-image-preview:large","max-video-preview":"max-video-preview:-1"},"canonical":"https:\/\/vmwaretutorial.alonsocr.com\/?page_id=70","og_locale":"es_ES","og_type":"article","og_title":"Uso de perif\u00e9ricos conectados - Tutorial VMWare","og_description":"Se puede hacer uso de perif\u00e9ricos que conectemos a nuestra computadora En el siguiente video se le mostrar\u00e1 como debe hacerlo.","og_url":"https:\/\/vmwaretutorial.alonsocr.com\/?page_id=70","og_site_name":"Tutorial VMWare","twitter_card":"summary_large_image","schema":{"@context":"https:\/\/schema.org","@graph":[{"@type":"WebPage","@id":"https:\/\/vmwaretutorial.alonsocr.com\/?page_id=70","url":"https:\/\/vmwaretutorial.alonsocr.com\/?page_id=70","name":"Uso de perif\u00e9ricos conectados - Tutorial VMWare","isPartOf":{"@id":"https:\/\/vmwaretutorial.alonsocr.com\/#website"},"datePublished":"2021-05-13T03:14:13+00:00","breadcrumb":{"@id":"https:\/\/vmwaretutorial.alonsocr.com\/?page_id=70#breadcrumb"},"inLanguage":"es-CR","potentialAction":[{"@type":"ReadAction","target":["https:\/\/vmwaretutorial.alonsocr.com\/?page_id=70"]}]},{"@type":"BreadcrumbList","@id":"https:\/\/vmwaretutorial.alonsocr.com\/?page_id=70#breadcrumb","itemListElement":[{"@type":"ListItem","position":1,"name":"Home","item":"https:\/\/vmwaretutorial.alonsocr.com\/"},{"@type":"ListItem","position":2,"name":"Uso de perif\u00e9ricos conectados"}]},{"@type":"WebSite","@id":"https:\/\/vmwaretutorial.alonsocr.com\/#website","url":"https:\/\/vmwaretutorial.alonsocr.com\/","name":"Tutorial VMWare","description":"Inicio","potentialAction":[{"@type":"SearchAction","target":{"@type":"EntryPoint","urlTemplate":"https:\/\/vmwaretutorial.alonsocr.com\/?s={search_term_string}"},"query-input":{"@type":"PropertyValueSpecification","valueRequired":true,"valueName":"search_term_string"}}],"inLanguage":"es-CR"}]}},"_links":{"self":[{"href":"https:\/\/vmwaretutorial.alonsocr.com\/index.php?rest_route=\/wp\/v2\/pages\/70","targetHints":{"allow":["GET"]}}],"collection":[{"href":"https:\/\/vmwaretutorial.alonsocr.com\/index.php?rest_route=\/wp\/v2\/pages"}],"about":[{"href":"https:\/\/vmwaretutorial.alonsocr.com\/index.php?rest_route=\/wp\/v2\/types\/page"}],"author":[{"embeddable":true,"href":"https:\/\/vmwaretutorial.alonsocr.com\/index.php?rest_route=\/wp\/v2\/users\/1"}],"replies":[{"embeddable":true,"href":"https:\/\/vmwaretutorial.alonsocr.com\/index.php?rest_route=%2Fwp%2Fv2%2Fcomments&post=70"}],"version-history":[{"count":1,"href":"https:\/\/vmwaretutorial.alonsocr.com\/index.php?rest_route=\/wp\/v2\/pages\/70\/revisions"}],"predecessor-version":[{"id":72,"href":"https:\/\/vmwaretutorial.alonsocr.com\/index.php?rest_route=\/wp\/v2\/pages\/70\/revisions\/72"}],"wp:attachment":[{"href":"https:\/\/vmwaretutorial.alonsocr.com\/index.php?rest_route=%2Fwp%2Fv2%2Fmedia&parent=70"}],"curies":[{"name":"wp","href":"https:\/\/api.w.org\/{rel}","templated":true}]}}