{"id":63,"date":"2021-05-13T03:09:52","date_gmt":"2021-05-13T03:09:52","guid":{"rendered":"http:\/\/vmwaretutorial.alonsocr.com\/?page_id=63"},"modified":"2021-05-25T23:36:22","modified_gmt":"2021-05-25T23:36:22","slug":"guardar-los-archivos-en-una-unidad-de-almacenamiento-con-autorizacion","status":"publish","type":"page","link":"https:\/\/vmwaretutorial.alonsocr.com\/?page_id=63","title":{"rendered":"Guardar los archivos en una unidad de almacenamiento con autorizaci\u00f3n."},"content":{"rendered":"\n<p>Se pueden guardar archivos de alg\u00fan curso en una unidad de almacenamiento, se le mostrar\u00e1 como hacer este proceso en los sistemas operativos Windows y Linux.<\/p>\n\n\n\n<p>A continuaci\u00f3n se le muestran dos opciones, por favor seleccione el sistema operativo que utiliza.<\/p>\n\n\n\n<section class=\"ContentPrinTree\">\n            <button class=\"acordeon c1 ac1 primer\">Windows<\/button>\n            <section class=\"info-panel\">\n                <p>Escribimos la direcci\u00f3n IP \\\\172.21.33.32 en la barra superior, donde se encuentra el enlace de las carpetas, al acceder nos aparecera una serie de carpetas<\/p>\n                <p>Se asignan permisos para que un usuario o grupo de usuarios accedan a una carpeta personalizada. Los archivos aqu\u00ed guardados se encuentran en una unidad de almacenamiento.\n                <\/p>\n                <p>Generalmente, aquellos que requieren de estos permisos es debido a que necesitan guardar datos de un programa que se encuentra ejecutando sin parar, por lo que la m\u00e1quina virtual necesita un lugar interno en donde almacenarlos. Tambi\u00e9n,\n                    guardar archivos en la nube proporciona versatilidad, de modo que los archivos no se tengan que transportar en dispositivos de almacenamiento port\u00e1til.<\/p>\n            <\/section>\n\n            <button class=\"acordeon c2 ac2\">Linux<\/button>\n            <section class=\"info-panel\">\n                <p>Una vez iniciada la sesi\u00f3n en la m\u00e1quina virtual, buscamos y seleccionamos el buscador de archivos y colocamos la siguente ruta: Filesystem &gt; mnt &gt; vol_NFS_Zener &gt; WD_ESPEC.\n                <\/p>\n                <p>Luego de haber realizado el paso anterior se visualizar\u00e1n diferentes carpetas con diferentes nombres y con un candado, esto sucede porque no tiene acceso a esas carpetas, ya que pertenecen a otros usuarios y de igual forma cuando usted\n                    cree su propia carpeta solo usted tendr\u00e1 acceso a ella.<\/p>\n                <p>Recuerde que el almacenamineto de las m\u00e1quinas virtuales es limitado, por lo tanto tenga en cuenta que este procedimiento es solo cuando es totalmente necesario o porque alg\u00fan curso lo requiera.<\/p>\n            <\/section>\n        <\/section>\n\n\n\n<div class=\"wp-block-group\"><div class=\"wp-block-group__inner-container is-layout-flow wp-block-group-is-layout-flow\">\n<h2 class=\"wp-block-heading\">Guardar los archivos en una unidad de almacenamiento con autorizaci\u00f3n.<\/h2>\n\n\n\n<p>Para guardar archivos de proyectos de investigaci\u00f3n en unaunidad de almacenamiento, se requiere de autorizaci\u00f3n, la cual se le solicita a Ronald Soto quien es el encargado.<\/p>\n\n\n\n<p>El procedimiento para realizar este proceso en Windows es el siguiente, debe dirigirse al explorador de archivos y digitar la siguiente direcci\u00f3n IP: \\\\172.21.33.32<\/p>\n\n\n\n<p>Se asignan permisos para que un usuario o grupo de usuarios accedan a una carpeta personalizada. Los archivos aqu\u00ed guardados se encuentran en una unidad de almacenamiento.<\/p>\n\n\n\n<p>Generalmente, aquellos que requieren de estos permisos es debido a que necesitan guardar datos de un programa que se encuentra ejecutando sin parar, por lo que la m\u00e1quina virtual necesita un lugar interno en donde almacenarlos.<\/p>\n\n\n\n<p>Tambi\u00e9n, guardar archivos en la nube proporciona versatilidad, de modo que los archivos no se tengan que transportar en dispositivos de almacenamiento port\u00e1til.<\/p>\n\n\n\n<p>En el siguiente video se le mostrar\u00e1 como debe de realizar el proceso anteriormente mencionado.<\/p>\n<\/div><\/div>\n\n\n\n<figure class=\"wp-block-video\"><video controls src=\"http:\/\/vmwaretutorial.alonsocr.com\/wp-content\/uploads\/2021\/05\/descarga_intalacion-6.mp4\"><\/video><\/figure>\n","protected":false},"excerpt":{"rendered":"<p>Se pueden guardar archivos de alg\u00fan curso en una unidad de almacenamiento, se le mostrar\u00e1 como hacer este proceso en los sistemas operativos Windows y Linux. A continuaci\u00f3n se le muestran dos opciones, por favor seleccione el sistema operativo que utiliza. Windows Escribimos la direcci\u00f3n IP \\\\172.21.33.32 en la barra superior, donde se encuentra el [&hellip;]<\/p>\n","protected":false},"author":1,"featured_media":0,"parent":0,"menu_order":0,"comment_status":"closed","ping_status":"closed","template":"","meta":{"footnotes":""},"class_list":["post-63","page","type-page","status-publish","hentry"],"yoast_head":"<!-- This site is optimized with the Yoast SEO plugin v26.8 - https:\/\/yoast.com\/product\/yoast-seo-wordpress\/ -->\n<title>Guardar los archivos en una unidad de almacenamiento con autorizaci\u00f3n. - Tutorial VMWare<\/title>\n<meta name=\"robots\" content=\"index, follow, max-snippet:-1, max-image-preview:large, max-video-preview:-1\" \/>\n<link rel=\"canonical\" href=\"https:\/\/vmwaretutorial.alonsocr.com\/?page_id=63\" \/>\n<meta property=\"og:locale\" content=\"es_ES\" \/>\n<meta property=\"og:type\" content=\"article\" \/>\n<meta property=\"og:title\" content=\"Guardar los archivos en una unidad de almacenamiento con autorizaci\u00f3n. - Tutorial VMWare\" \/>\n<meta property=\"og:description\" content=\"Se pueden guardar archivos de alg\u00fan curso en una unidad de almacenamiento, se le mostrar\u00e1 como hacer este proceso en los sistemas operativos Windows y Linux. A continuaci\u00f3n se le muestran dos opciones, por favor seleccione el sistema operativo que utiliza. Windows Escribimos la direcci\u00f3n IP \\172.21.33.32 en la barra superior, donde se encuentra el [&hellip;]\" \/>\n<meta property=\"og:url\" content=\"https:\/\/vmwaretutorial.alonsocr.com\/?page_id=63\" \/>\n<meta property=\"og:site_name\" content=\"Tutorial VMWare\" \/>\n<meta property=\"article:modified_time\" content=\"2021-05-25T23:36:22+00:00\" \/>\n<meta name=\"twitter:card\" content=\"summary_large_image\" \/>\n<meta name=\"twitter:label1\" content=\"Est. reading time\" \/>\n\t<meta name=\"twitter:data1\" content=\"2 minutos\" \/>\n<script type=\"application\/ld+json\" class=\"yoast-schema-graph\">{\"@context\":\"https:\/\/schema.org\",\"@graph\":[{\"@type\":\"WebPage\",\"@id\":\"https:\/\/vmwaretutorial.alonsocr.com\/?page_id=63\",\"url\":\"https:\/\/vmwaretutorial.alonsocr.com\/?page_id=63\",\"name\":\"Guardar los archivos en una unidad de almacenamiento con autorizaci\u00f3n. - Tutorial VMWare\",\"isPartOf\":{\"@id\":\"https:\/\/vmwaretutorial.alonsocr.com\/#website\"},\"datePublished\":\"2021-05-13T03:09:52+00:00\",\"dateModified\":\"2021-05-25T23:36:22+00:00\",\"breadcrumb\":{\"@id\":\"https:\/\/vmwaretutorial.alonsocr.com\/?page_id=63#breadcrumb\"},\"inLanguage\":\"es-CR\",\"potentialAction\":[{\"@type\":\"ReadAction\",\"target\":[\"https:\/\/vmwaretutorial.alonsocr.com\/?page_id=63\"]}]},{\"@type\":\"BreadcrumbList\",\"@id\":\"https:\/\/vmwaretutorial.alonsocr.com\/?page_id=63#breadcrumb\",\"itemListElement\":[{\"@type\":\"ListItem\",\"position\":1,\"name\":\"Home\",\"item\":\"https:\/\/vmwaretutorial.alonsocr.com\/\"},{\"@type\":\"ListItem\",\"position\":2,\"name\":\"Guardar los archivos en una unidad de almacenamiento con autorizaci\u00f3n.\"}]},{\"@type\":\"WebSite\",\"@id\":\"https:\/\/vmwaretutorial.alonsocr.com\/#website\",\"url\":\"https:\/\/vmwaretutorial.alonsocr.com\/\",\"name\":\"Tutorial VMWare\",\"description\":\"Inicio\",\"potentialAction\":[{\"@type\":\"SearchAction\",\"target\":{\"@type\":\"EntryPoint\",\"urlTemplate\":\"https:\/\/vmwaretutorial.alonsocr.com\/?s={search_term_string}\"},\"query-input\":{\"@type\":\"PropertyValueSpecification\",\"valueRequired\":true,\"valueName\":\"search_term_string\"}}],\"inLanguage\":\"es-CR\"}]}<\/script>\n<!-- \/ Yoast SEO plugin. -->","yoast_head_json":{"title":"Guardar los archivos en una unidad de almacenamiento con autorizaci\u00f3n. - Tutorial VMWare","robots":{"index":"index","follow":"follow","max-snippet":"max-snippet:-1","max-image-preview":"max-image-preview:large","max-video-preview":"max-video-preview:-1"},"canonical":"https:\/\/vmwaretutorial.alonsocr.com\/?page_id=63","og_locale":"es_ES","og_type":"article","og_title":"Guardar los archivos en una unidad de almacenamiento con autorizaci\u00f3n. - Tutorial VMWare","og_description":"Se pueden guardar archivos de alg\u00fan curso en una unidad de almacenamiento, se le mostrar\u00e1 como hacer este proceso en los sistemas operativos Windows y Linux. A continuaci\u00f3n se le muestran dos opciones, por favor seleccione el sistema operativo que utiliza. Windows Escribimos la direcci\u00f3n IP \\172.21.33.32 en la barra superior, donde se encuentra el [&hellip;]","og_url":"https:\/\/vmwaretutorial.alonsocr.com\/?page_id=63","og_site_name":"Tutorial VMWare","article_modified_time":"2021-05-25T23:36:22+00:00","twitter_card":"summary_large_image","twitter_misc":{"Est. reading time":"2 minutos"},"schema":{"@context":"https:\/\/schema.org","@graph":[{"@type":"WebPage","@id":"https:\/\/vmwaretutorial.alonsocr.com\/?page_id=63","url":"https:\/\/vmwaretutorial.alonsocr.com\/?page_id=63","name":"Guardar los archivos en una unidad de almacenamiento con autorizaci\u00f3n. - Tutorial VMWare","isPartOf":{"@id":"https:\/\/vmwaretutorial.alonsocr.com\/#website"},"datePublished":"2021-05-13T03:09:52+00:00","dateModified":"2021-05-25T23:36:22+00:00","breadcrumb":{"@id":"https:\/\/vmwaretutorial.alonsocr.com\/?page_id=63#breadcrumb"},"inLanguage":"es-CR","potentialAction":[{"@type":"ReadAction","target":["https:\/\/vmwaretutorial.alonsocr.com\/?page_id=63"]}]},{"@type":"BreadcrumbList","@id":"https:\/\/vmwaretutorial.alonsocr.com\/?page_id=63#breadcrumb","itemListElement":[{"@type":"ListItem","position":1,"name":"Home","item":"https:\/\/vmwaretutorial.alonsocr.com\/"},{"@type":"ListItem","position":2,"name":"Guardar los archivos en una unidad de almacenamiento con autorizaci\u00f3n."}]},{"@type":"WebSite","@id":"https:\/\/vmwaretutorial.alonsocr.com\/#website","url":"https:\/\/vmwaretutorial.alonsocr.com\/","name":"Tutorial VMWare","description":"Inicio","potentialAction":[{"@type":"SearchAction","target":{"@type":"EntryPoint","urlTemplate":"https:\/\/vmwaretutorial.alonsocr.com\/?s={search_term_string}"},"query-input":{"@type":"PropertyValueSpecification","valueRequired":true,"valueName":"search_term_string"}}],"inLanguage":"es-CR"}]}},"_links":{"self":[{"href":"https:\/\/vmwaretutorial.alonsocr.com\/index.php?rest_route=\/wp\/v2\/pages\/63","targetHints":{"allow":["GET"]}}],"collection":[{"href":"https:\/\/vmwaretutorial.alonsocr.com\/index.php?rest_route=\/wp\/v2\/pages"}],"about":[{"href":"https:\/\/vmwaretutorial.alonsocr.com\/index.php?rest_route=\/wp\/v2\/types\/page"}],"author":[{"embeddable":true,"href":"https:\/\/vmwaretutorial.alonsocr.com\/index.php?rest_route=\/wp\/v2\/users\/1"}],"replies":[{"embeddable":true,"href":"https:\/\/vmwaretutorial.alonsocr.com\/index.php?rest_route=%2Fwp%2Fv2%2Fcomments&post=63"}],"version-history":[{"count":10,"href":"https:\/\/vmwaretutorial.alonsocr.com\/index.php?rest_route=\/wp\/v2\/pages\/63\/revisions"}],"predecessor-version":[{"id":320,"href":"https:\/\/vmwaretutorial.alonsocr.com\/index.php?rest_route=\/wp\/v2\/pages\/63\/revisions\/320"}],"wp:attachment":[{"href":"https:\/\/vmwaretutorial.alonsocr.com\/index.php?rest_route=%2Fwp%2Fv2%2Fmedia&parent=63"}],"curies":[{"name":"wp","href":"https:\/\/api.w.org\/{rel}","templated":true}]}}