{"id":60,"date":"2021-05-13T03:07:59","date_gmt":"2021-05-13T03:07:59","guid":{"rendered":"http:\/\/vmwaretutorial.alonsocr.com\/?page_id=60"},"modified":"2021-05-13T03:07:59","modified_gmt":"2021-05-13T03:07:59","slug":"guardar-archivos-en-la-maquina-fisica","status":"publish","type":"page","link":"https:\/\/vmwaretutorial.alonsocr.com\/?page_id=60","title":{"rendered":"Guardar archivos en la m\u00e1quina f\u00edsica"},"content":{"rendered":"\n<p>En el siguiente video se le mostrar\u00e1 como guardar los archivos finalizados en la m\u00e1quina virtual.<br>Usaremos el programa AutoCAD como ejemplo.<\/p>\n\n\n\n<p>Tenga en cuenta que debe guardar sus trabajos en su m\u00e1quina f\u00edsica, ya que si lo hace en la m\u00e1quina virtual estar\u00e1 limitando la capacidad de almacenamiento que estas poseen, y es posible que sus archivos sean eliminados para liberar espacio.<\/p>\n\n\n\n<figure class=\"wp-block-video\"><video controls src=\"http:\/\/vmwaretutorial.alonsocr.com\/wp-content\/uploads\/2021\/05\/descarga_intalacion-5.mp4\"><\/video><\/figure>\n\n\n\n<p>Ahora, si fuera necesario guardar archivos en alguna m\u00e1quina virtual veremos cuales son las condiciones para hacerlo y cual es su procedimiento en\u00a0<a rel=\"noreferrer noopener\" href=\"http:\/\/localhost\/Tutorial_VMware_Escuela_IE\/page_secundary\/guardar_archivos_maquina_fisica.php\" target=\"_blank\">Guardar los archivos en una unidad de almacenamiento con autorizaci\u00f3n.<\/a><\/p>\n","protected":false},"excerpt":{"rendered":"<p>En el siguiente video se le mostrar\u00e1 como guardar los archivos finalizados en la m\u00e1quina virtual.Usaremos el programa AutoCAD como ejemplo. Tenga en cuenta que debe guardar sus trabajos en su m\u00e1quina f\u00edsica, ya que si lo hace en la m\u00e1quina virtual estar\u00e1 limitando la capacidad de almacenamiento que estas poseen, y es posible que [&hellip;]<\/p>\n","protected":false},"author":1,"featured_media":0,"parent":0,"menu_order":0,"comment_status":"closed","ping_status":"closed","template":"","meta":{"footnotes":""},"class_list":["post-60","page","type-page","status-publish","hentry"],"yoast_head":"<!-- This site is optimized with the Yoast SEO plugin v26.8 - https:\/\/yoast.com\/product\/yoast-seo-wordpress\/ -->\n<title>Guardar archivos en la m\u00e1quina f\u00edsica - Tutorial VMWare<\/title>\n<meta name=\"robots\" content=\"index, follow, max-snippet:-1, max-image-preview:large, max-video-preview:-1\" \/>\n<link rel=\"canonical\" href=\"https:\/\/vmwaretutorial.alonsocr.com\/?page_id=60\" \/>\n<meta property=\"og:locale\" content=\"es_ES\" \/>\n<meta property=\"og:type\" content=\"article\" \/>\n<meta property=\"og:title\" content=\"Guardar archivos en la m\u00e1quina f\u00edsica - Tutorial VMWare\" \/>\n<meta property=\"og:description\" content=\"En el siguiente video se le mostrar\u00e1 como guardar los archivos finalizados en la m\u00e1quina virtual.Usaremos el programa AutoCAD como ejemplo. Tenga en cuenta que debe guardar sus trabajos en su m\u00e1quina f\u00edsica, ya que si lo hace en la m\u00e1quina virtual estar\u00e1 limitando la capacidad de almacenamiento que estas poseen, y es posible que [&hellip;]\" \/>\n<meta property=\"og:url\" content=\"https:\/\/vmwaretutorial.alonsocr.com\/?page_id=60\" \/>\n<meta property=\"og:site_name\" content=\"Tutorial VMWare\" \/>\n<meta name=\"twitter:card\" content=\"summary_large_image\" \/>\n<meta name=\"twitter:label1\" content=\"Est. reading time\" \/>\n\t<meta name=\"twitter:data1\" content=\"1 minuto\" \/>\n<script type=\"application\/ld+json\" class=\"yoast-schema-graph\">{\"@context\":\"https:\/\/schema.org\",\"@graph\":[{\"@type\":\"WebPage\",\"@id\":\"https:\/\/vmwaretutorial.alonsocr.com\/?page_id=60\",\"url\":\"https:\/\/vmwaretutorial.alonsocr.com\/?page_id=60\",\"name\":\"Guardar archivos en la m\u00e1quina f\u00edsica - Tutorial VMWare\",\"isPartOf\":{\"@id\":\"https:\/\/vmwaretutorial.alonsocr.com\/#website\"},\"datePublished\":\"2021-05-13T03:07:59+00:00\",\"breadcrumb\":{\"@id\":\"https:\/\/vmwaretutorial.alonsocr.com\/?page_id=60#breadcrumb\"},\"inLanguage\":\"es-CR\",\"potentialAction\":[{\"@type\":\"ReadAction\",\"target\":[\"https:\/\/vmwaretutorial.alonsocr.com\/?page_id=60\"]}]},{\"@type\":\"BreadcrumbList\",\"@id\":\"https:\/\/vmwaretutorial.alonsocr.com\/?page_id=60#breadcrumb\",\"itemListElement\":[{\"@type\":\"ListItem\",\"position\":1,\"name\":\"Home\",\"item\":\"https:\/\/vmwaretutorial.alonsocr.com\/\"},{\"@type\":\"ListItem\",\"position\":2,\"name\":\"Guardar archivos en la m\u00e1quina f\u00edsica\"}]},{\"@type\":\"WebSite\",\"@id\":\"https:\/\/vmwaretutorial.alonsocr.com\/#website\",\"url\":\"https:\/\/vmwaretutorial.alonsocr.com\/\",\"name\":\"Tutorial VMWare\",\"description\":\"Inicio\",\"potentialAction\":[{\"@type\":\"SearchAction\",\"target\":{\"@type\":\"EntryPoint\",\"urlTemplate\":\"https:\/\/vmwaretutorial.alonsocr.com\/?s={search_term_string}\"},\"query-input\":{\"@type\":\"PropertyValueSpecification\",\"valueRequired\":true,\"valueName\":\"search_term_string\"}}],\"inLanguage\":\"es-CR\"}]}<\/script>\n<!-- \/ Yoast SEO plugin. -->","yoast_head_json":{"title":"Guardar archivos en la m\u00e1quina f\u00edsica - Tutorial VMWare","robots":{"index":"index","follow":"follow","max-snippet":"max-snippet:-1","max-image-preview":"max-image-preview:large","max-video-preview":"max-video-preview:-1"},"canonical":"https:\/\/vmwaretutorial.alonsocr.com\/?page_id=60","og_locale":"es_ES","og_type":"article","og_title":"Guardar archivos en la m\u00e1quina f\u00edsica - Tutorial VMWare","og_description":"En el siguiente video se le mostrar\u00e1 como guardar los archivos finalizados en la m\u00e1quina virtual.Usaremos el programa AutoCAD como ejemplo. Tenga en cuenta que debe guardar sus trabajos en su m\u00e1quina f\u00edsica, ya que si lo hace en la m\u00e1quina virtual estar\u00e1 limitando la capacidad de almacenamiento que estas poseen, y es posible que [&hellip;]","og_url":"https:\/\/vmwaretutorial.alonsocr.com\/?page_id=60","og_site_name":"Tutorial VMWare","twitter_card":"summary_large_image","twitter_misc":{"Est. reading time":"1 minuto"},"schema":{"@context":"https:\/\/schema.org","@graph":[{"@type":"WebPage","@id":"https:\/\/vmwaretutorial.alonsocr.com\/?page_id=60","url":"https:\/\/vmwaretutorial.alonsocr.com\/?page_id=60","name":"Guardar archivos en la m\u00e1quina f\u00edsica - Tutorial VMWare","isPartOf":{"@id":"https:\/\/vmwaretutorial.alonsocr.com\/#website"},"datePublished":"2021-05-13T03:07:59+00:00","breadcrumb":{"@id":"https:\/\/vmwaretutorial.alonsocr.com\/?page_id=60#breadcrumb"},"inLanguage":"es-CR","potentialAction":[{"@type":"ReadAction","target":["https:\/\/vmwaretutorial.alonsocr.com\/?page_id=60"]}]},{"@type":"BreadcrumbList","@id":"https:\/\/vmwaretutorial.alonsocr.com\/?page_id=60#breadcrumb","itemListElement":[{"@type":"ListItem","position":1,"name":"Home","item":"https:\/\/vmwaretutorial.alonsocr.com\/"},{"@type":"ListItem","position":2,"name":"Guardar archivos en la m\u00e1quina f\u00edsica"}]},{"@type":"WebSite","@id":"https:\/\/vmwaretutorial.alonsocr.com\/#website","url":"https:\/\/vmwaretutorial.alonsocr.com\/","name":"Tutorial VMWare","description":"Inicio","potentialAction":[{"@type":"SearchAction","target":{"@type":"EntryPoint","urlTemplate":"https:\/\/vmwaretutorial.alonsocr.com\/?s={search_term_string}"},"query-input":{"@type":"PropertyValueSpecification","valueRequired":true,"valueName":"search_term_string"}}],"inLanguage":"es-CR"}]}},"_links":{"self":[{"href":"https:\/\/vmwaretutorial.alonsocr.com\/index.php?rest_route=\/wp\/v2\/pages\/60","targetHints":{"allow":["GET"]}}],"collection":[{"href":"https:\/\/vmwaretutorial.alonsocr.com\/index.php?rest_route=\/wp\/v2\/pages"}],"about":[{"href":"https:\/\/vmwaretutorial.alonsocr.com\/index.php?rest_route=\/wp\/v2\/types\/page"}],"author":[{"embeddable":true,"href":"https:\/\/vmwaretutorial.alonsocr.com\/index.php?rest_route=\/wp\/v2\/users\/1"}],"replies":[{"embeddable":true,"href":"https:\/\/vmwaretutorial.alonsocr.com\/index.php?rest_route=%2Fwp%2Fv2%2Fcomments&post=60"}],"version-history":[{"count":1,"href":"https:\/\/vmwaretutorial.alonsocr.com\/index.php?rest_route=\/wp\/v2\/pages\/60\/revisions"}],"predecessor-version":[{"id":62,"href":"https:\/\/vmwaretutorial.alonsocr.com\/index.php?rest_route=\/wp\/v2\/pages\/60\/revisions\/62"}],"wp:attachment":[{"href":"https:\/\/vmwaretutorial.alonsocr.com\/index.php?rest_route=%2Fwp%2Fv2%2Fmedia&parent=60"}],"curies":[{"name":"wp","href":"https:\/\/api.w.org\/{rel}","templated":true}]}}