{"id":52,"date":"2021-05-13T02:50:19","date_gmt":"2021-05-13T02:50:19","guid":{"rendered":"http:\/\/vmwaretutorial.alonsocr.com\/?page_id=52"},"modified":"2021-05-25T23:34:58","modified_gmt":"2021-05-25T23:34:58","slug":"maquinas-virtuales-y-programas-disponibles","status":"publish","type":"page","link":"https:\/\/vmwaretutorial.alonsocr.com\/?page_id=52","title":{"rendered":"M\u00e1quinas virtuales y programas disponibles"},"content":{"rendered":"\n<p>En esta secci\u00f3n se detalla que contiene cada m\u00e1quina virtual de la plataforma y de la misma forma se le presentan las aplicaciones disponibles para su uso.<\/p>\n\n\n\n<p>Cada m\u00e1quina virtual cuenta con diferentes aplicaciones para su respectivo uso.<\/p>\n\n\n\n<section class=\"ContentPrinTree\">\n            <button class=\"acordeon c1 ac1 primer\">CentOS6 y CentOS_6_Clones<\/button>\n            <section class=\"info-panel\">\n                <ul>\n                    <li>Laboratorio de VLSI.<\/li>\n                    <li>Maestr\u00eda.<\/li>\n                    <li>Tiene programas de Synopsys y Mentor Graphics.<\/li>\n                <\/ul>\n            <\/section>\n\n            <button class=\"acordeon c2 ac2\">EstacionesW7<\/button>\n            <section class=\"info-panel\">\n                <p>Esta estaci\u00f3n consiste en un pool de varias de computadoras.<\/p>\n                <p>Tiene programas como Vivado y de automatizaci\u00f3n industrial y simulaci\u00f3n de PCL\u00b4s de Siemens, as\u00ed como Software de Festo.<\/p>\n            <\/section>\n\n            <button class=\"acordeon c1 ac3\">IE-VMLab<\/button>\n            <section class=\"info-panel\">\n                <p>Esta m\u00e1quina es de uso general de Windows y tiene programas como Word y Comsol Multiphysics.<\/p>\n            <\/section>\n\n            <button class=\"acordeon c2 ac4\">RDS-Labview<\/button>\n            <section class=\"info-panel\">\n                <p>En esta m\u00e1quina se puede encontrar el suite de aplicaciones de National instruments.<\/p>\n            <\/section>\n\n            <button class=\"acordeon c1 ac5\">RDS-01<\/button>\n            <section class=\"info-panel\">\n                <p>En esta m\u00e1quina tenemos aplicaciones como CS Eagle, Nl Multisim y Minitab.<\/p>\n            <\/section>\n\n            <button class=\"acordeon c2 ac6\">RDS-02<\/button>\n            <section class=\"info-panel\">\n                <p>En esta m\u00e1quina tenemos aplicaciones como Focusky y FuzzyLite.<\/p>\n            <\/section>\n\n            <button class=\"acordeon c1 ac7\">RDS-03<\/button>\n            <section class=\"info-panel\">\n                <p>En esta m\u00e1quina tenemos aplicaciones como MatLab, LTspice y SciLab.<\/p>\n            <\/section>\n\n            <button class=\"acordeon c2 ac8\">RDS-Agisoft-EdgeCam-Inventor<\/button>\n            <section class=\"info-panel\">\n                <p>En esta m\u00e1quina tenemos aplicaciones para fotogrametr\u00eda de Agisoft, as\u00ed como Autodesk Inventor EdgeCam.<\/p>\n            <\/section>\n\n            <button class=\"acordeon c1 ac9\">Ubuntu_14<\/button>\n            <section class=\"info-panel\">\n                <p>Es para uso general de Linux <b>Ubuntu<\/b> y tenemos una librer\u00eda de Python para redes neuronales llamada <i>Neupy<\/i>.<\/p>\n            <\/section>\n        <\/section>\n\n\n\n<p><\/p>\n","protected":false},"excerpt":{"rendered":"<p>En esta secci\u00f3n se detalla que contiene cada m\u00e1quina virtual de la plataforma y de la misma forma se le presentan las aplicaciones disponibles para su uso. Cada m\u00e1quina virtual cuenta con diferentes aplicaciones para su respectivo uso. CentOS6 y CentOS_6_Clones Laboratorio de VLSI. Maestr\u00eda. Tiene programas de Synopsys y Mentor Graphics. EstacionesW7 Esta estaci\u00f3n [&hellip;]<\/p>\n","protected":false},"author":1,"featured_media":0,"parent":0,"menu_order":0,"comment_status":"closed","ping_status":"closed","template":"","meta":{"footnotes":""},"class_list":["post-52","page","type-page","status-publish","hentry"],"yoast_head":"<!-- This site is optimized with the Yoast SEO plugin v26.8 - https:\/\/yoast.com\/product\/yoast-seo-wordpress\/ -->\n<title>M\u00e1quinas virtuales y programas disponibles - Tutorial VMWare<\/title>\n<meta name=\"robots\" content=\"index, follow, max-snippet:-1, max-image-preview:large, max-video-preview:-1\" \/>\n<link rel=\"canonical\" href=\"https:\/\/vmwaretutorial.alonsocr.com\/?page_id=52\" \/>\n<meta property=\"og:locale\" content=\"es_ES\" \/>\n<meta property=\"og:type\" content=\"article\" \/>\n<meta property=\"og:title\" content=\"M\u00e1quinas virtuales y programas disponibles - Tutorial VMWare\" \/>\n<meta property=\"og:description\" content=\"En esta secci\u00f3n se detalla que contiene cada m\u00e1quina virtual de la plataforma y de la misma forma se le presentan las aplicaciones disponibles para su uso. Cada m\u00e1quina virtual cuenta con diferentes aplicaciones para su respectivo uso. CentOS6 y CentOS_6_Clones Laboratorio de VLSI. Maestr\u00eda. Tiene programas de Synopsys y Mentor Graphics. EstacionesW7 Esta estaci\u00f3n [&hellip;]\" \/>\n<meta property=\"og:url\" content=\"https:\/\/vmwaretutorial.alonsocr.com\/?page_id=52\" \/>\n<meta property=\"og:site_name\" content=\"Tutorial VMWare\" \/>\n<meta property=\"article:modified_time\" content=\"2021-05-25T23:34:58+00:00\" \/>\n<meta name=\"twitter:card\" content=\"summary_large_image\" \/>\n<meta name=\"twitter:label1\" content=\"Est. reading time\" \/>\n\t<meta name=\"twitter:data1\" content=\"1 minuto\" \/>\n<script type=\"application\/ld+json\" class=\"yoast-schema-graph\">{\"@context\":\"https:\/\/schema.org\",\"@graph\":[{\"@type\":\"WebPage\",\"@id\":\"https:\/\/vmwaretutorial.alonsocr.com\/?page_id=52\",\"url\":\"https:\/\/vmwaretutorial.alonsocr.com\/?page_id=52\",\"name\":\"M\u00e1quinas virtuales y programas disponibles - Tutorial VMWare\",\"isPartOf\":{\"@id\":\"https:\/\/vmwaretutorial.alonsocr.com\/#website\"},\"datePublished\":\"2021-05-13T02:50:19+00:00\",\"dateModified\":\"2021-05-25T23:34:58+00:00\",\"breadcrumb\":{\"@id\":\"https:\/\/vmwaretutorial.alonsocr.com\/?page_id=52#breadcrumb\"},\"inLanguage\":\"es-CR\",\"potentialAction\":[{\"@type\":\"ReadAction\",\"target\":[\"https:\/\/vmwaretutorial.alonsocr.com\/?page_id=52\"]}]},{\"@type\":\"BreadcrumbList\",\"@id\":\"https:\/\/vmwaretutorial.alonsocr.com\/?page_id=52#breadcrumb\",\"itemListElement\":[{\"@type\":\"ListItem\",\"position\":1,\"name\":\"Home\",\"item\":\"https:\/\/vmwaretutorial.alonsocr.com\/\"},{\"@type\":\"ListItem\",\"position\":2,\"name\":\"M\u00e1quinas virtuales y programas disponibles\"}]},{\"@type\":\"WebSite\",\"@id\":\"https:\/\/vmwaretutorial.alonsocr.com\/#website\",\"url\":\"https:\/\/vmwaretutorial.alonsocr.com\/\",\"name\":\"Tutorial VMWare\",\"description\":\"Inicio\",\"potentialAction\":[{\"@type\":\"SearchAction\",\"target\":{\"@type\":\"EntryPoint\",\"urlTemplate\":\"https:\/\/vmwaretutorial.alonsocr.com\/?s={search_term_string}\"},\"query-input\":{\"@type\":\"PropertyValueSpecification\",\"valueRequired\":true,\"valueName\":\"search_term_string\"}}],\"inLanguage\":\"es-CR\"}]}<\/script>\n<!-- \/ Yoast SEO plugin. -->","yoast_head_json":{"title":"M\u00e1quinas virtuales y programas disponibles - Tutorial VMWare","robots":{"index":"index","follow":"follow","max-snippet":"max-snippet:-1","max-image-preview":"max-image-preview:large","max-video-preview":"max-video-preview:-1"},"canonical":"https:\/\/vmwaretutorial.alonsocr.com\/?page_id=52","og_locale":"es_ES","og_type":"article","og_title":"M\u00e1quinas virtuales y programas disponibles - Tutorial VMWare","og_description":"En esta secci\u00f3n se detalla que contiene cada m\u00e1quina virtual de la plataforma y de la misma forma se le presentan las aplicaciones disponibles para su uso. Cada m\u00e1quina virtual cuenta con diferentes aplicaciones para su respectivo uso. CentOS6 y CentOS_6_Clones Laboratorio de VLSI. Maestr\u00eda. Tiene programas de Synopsys y Mentor Graphics. EstacionesW7 Esta estaci\u00f3n [&hellip;]","og_url":"https:\/\/vmwaretutorial.alonsocr.com\/?page_id=52","og_site_name":"Tutorial VMWare","article_modified_time":"2021-05-25T23:34:58+00:00","twitter_card":"summary_large_image","twitter_misc":{"Est. reading time":"1 minuto"},"schema":{"@context":"https:\/\/schema.org","@graph":[{"@type":"WebPage","@id":"https:\/\/vmwaretutorial.alonsocr.com\/?page_id=52","url":"https:\/\/vmwaretutorial.alonsocr.com\/?page_id=52","name":"M\u00e1quinas virtuales y programas disponibles - Tutorial VMWare","isPartOf":{"@id":"https:\/\/vmwaretutorial.alonsocr.com\/#website"},"datePublished":"2021-05-13T02:50:19+00:00","dateModified":"2021-05-25T23:34:58+00:00","breadcrumb":{"@id":"https:\/\/vmwaretutorial.alonsocr.com\/?page_id=52#breadcrumb"},"inLanguage":"es-CR","potentialAction":[{"@type":"ReadAction","target":["https:\/\/vmwaretutorial.alonsocr.com\/?page_id=52"]}]},{"@type":"BreadcrumbList","@id":"https:\/\/vmwaretutorial.alonsocr.com\/?page_id=52#breadcrumb","itemListElement":[{"@type":"ListItem","position":1,"name":"Home","item":"https:\/\/vmwaretutorial.alonsocr.com\/"},{"@type":"ListItem","position":2,"name":"M\u00e1quinas virtuales y programas disponibles"}]},{"@type":"WebSite","@id":"https:\/\/vmwaretutorial.alonsocr.com\/#website","url":"https:\/\/vmwaretutorial.alonsocr.com\/","name":"Tutorial VMWare","description":"Inicio","potentialAction":[{"@type":"SearchAction","target":{"@type":"EntryPoint","urlTemplate":"https:\/\/vmwaretutorial.alonsocr.com\/?s={search_term_string}"},"query-input":{"@type":"PropertyValueSpecification","valueRequired":true,"valueName":"search_term_string"}}],"inLanguage":"es-CR"}]}},"_links":{"self":[{"href":"https:\/\/vmwaretutorial.alonsocr.com\/index.php?rest_route=\/wp\/v2\/pages\/52","targetHints":{"allow":["GET"]}}],"collection":[{"href":"https:\/\/vmwaretutorial.alonsocr.com\/index.php?rest_route=\/wp\/v2\/pages"}],"about":[{"href":"https:\/\/vmwaretutorial.alonsocr.com\/index.php?rest_route=\/wp\/v2\/types\/page"}],"author":[{"embeddable":true,"href":"https:\/\/vmwaretutorial.alonsocr.com\/index.php?rest_route=\/wp\/v2\/users\/1"}],"replies":[{"embeddable":true,"href":"https:\/\/vmwaretutorial.alonsocr.com\/index.php?rest_route=%2Fwp%2Fv2%2Fcomments&post=52"}],"version-history":[{"count":4,"href":"https:\/\/vmwaretutorial.alonsocr.com\/index.php?rest_route=\/wp\/v2\/pages\/52\/revisions"}],"predecessor-version":[{"id":318,"href":"https:\/\/vmwaretutorial.alonsocr.com\/index.php?rest_route=\/wp\/v2\/pages\/52\/revisions\/318"}],"wp:attachment":[{"href":"https:\/\/vmwaretutorial.alonsocr.com\/index.php?rest_route=%2Fwp%2Fv2%2Fmedia&parent=52"}],"curies":[{"name":"wp","href":"https:\/\/api.w.org\/{rel}","templated":true}]}}