{"id":49,"date":"2021-05-13T02:49:26","date_gmt":"2021-05-13T02:49:26","guid":{"rendered":"http:\/\/vmwaretutorial.alonsocr.com\/?page_id=49"},"modified":"2022-12-29T17:07:20","modified_gmt":"2022-12-29T17:07:20","slug":"agregar-y-acceder-servidor-de-la-escuela","status":"publish","type":"page","link":"https:\/\/vmwaretutorial.alonsocr.com\/?page_id=49","title":{"rendered":"Agregar y acceder servidor de la escuela"},"content":{"rendered":"\n<p>Hacemos clic en Add server, y escribimos virtual.ie.tec.ac.cr<\/p>\n\n\n\n<p>Cuando se nos solicite los datos de la cuenta, rellenamos los espacios, nos aseguramos de seccionar ESTUDIANTES y hacemos clic en Login.<\/p>\n\n\n\n<p>Nos aparecer\u00e1 esta ventana con las aplicaciones, m\u00e1quinas y escritorios virtuales que est\u00e9n disponibles para usarse.<\/p>\n\n\n\n<figure class=\"wp-block-video\"><video controls src=\"http:\/\/vmwaretutorial.alonsocr.com\/wp-content\/uploads\/2021\/05\/descarga_intalacion-2.mp4\"><\/video><\/figure>\n\n\n\n<p><\/p>\n","protected":false},"excerpt":{"rendered":"<p>Hacemos clic en Add server, y escribimos virtual.ie.tec.ac.cr Cuando se nos solicite los datos de la cuenta, rellenamos los espacios, nos aseguramos de seccionar ESTUDIANTES y hacemos clic en Login. Nos aparecer\u00e1 esta ventana con las aplicaciones, m\u00e1quinas y escritorios virtuales que est\u00e9n disponibles para usarse.<\/p>\n","protected":false},"author":1,"featured_media":0,"parent":0,"menu_order":0,"comment_status":"closed","ping_status":"closed","template":"","meta":{"footnotes":""},"class_list":["post-49","page","type-page","status-publish","hentry"],"yoast_head":"<!-- This site is optimized with the Yoast SEO plugin v26.8 - https:\/\/yoast.com\/product\/yoast-seo-wordpress\/ -->\n<title>Agregar y acceder servidor de la escuela - Tutorial VMWare<\/title>\n<meta name=\"description\" content=\"Cuando se nos solicite los datos de la cuenta, rellenamos los espacios, nos aseguramos de seccionar ESTUDIANTES y hacemos clic en Login.\" \/>\n<meta name=\"robots\" content=\"index, follow, max-snippet:-1, max-image-preview:large, max-video-preview:-1\" \/>\n<link rel=\"canonical\" href=\"https:\/\/vmwaretutorial.alonsocr.com\/?page_id=49\" \/>\n<meta property=\"og:locale\" content=\"es_ES\" \/>\n<meta property=\"og:type\" content=\"article\" \/>\n<meta property=\"og:title\" content=\"Agregar y acceder servidor de la escuela - Tutorial VMWare\" \/>\n<meta property=\"og:description\" content=\"Cuando se nos solicite los datos de la cuenta, rellenamos los espacios, nos aseguramos de seccionar ESTUDIANTES y hacemos clic en Login.\" \/>\n<meta property=\"og:url\" content=\"https:\/\/vmwaretutorial.alonsocr.com\/?page_id=49\" \/>\n<meta property=\"og:site_name\" content=\"Tutorial VMWare\" \/>\n<meta property=\"article:modified_time\" content=\"2022-12-29T17:07:20+00:00\" \/>\n<meta name=\"twitter:card\" content=\"summary_large_image\" \/>\n<meta name=\"twitter:label1\" content=\"Est. reading time\" \/>\n\t<meta name=\"twitter:data1\" content=\"1 minuto\" \/>\n<script type=\"application\/ld+json\" class=\"yoast-schema-graph\">{\"@context\":\"https:\/\/schema.org\",\"@graph\":[{\"@type\":\"WebPage\",\"@id\":\"https:\/\/vmwaretutorial.alonsocr.com\/?page_id=49\",\"url\":\"https:\/\/vmwaretutorial.alonsocr.com\/?page_id=49\",\"name\":\"Agregar y acceder servidor de la escuela - Tutorial VMWare\",\"isPartOf\":{\"@id\":\"https:\/\/vmwaretutorial.alonsocr.com\/#website\"},\"datePublished\":\"2021-05-13T02:49:26+00:00\",\"dateModified\":\"2022-12-29T17:07:20+00:00\",\"description\":\"Cuando se nos solicite los datos de la cuenta, rellenamos los espacios, nos aseguramos de seccionar ESTUDIANTES y hacemos clic en Login.\",\"breadcrumb\":{\"@id\":\"https:\/\/vmwaretutorial.alonsocr.com\/?page_id=49#breadcrumb\"},\"inLanguage\":\"es-CR\",\"potentialAction\":[{\"@type\":\"ReadAction\",\"target\":[\"https:\/\/vmwaretutorial.alonsocr.com\/?page_id=49\"]}]},{\"@type\":\"BreadcrumbList\",\"@id\":\"https:\/\/vmwaretutorial.alonsocr.com\/?page_id=49#breadcrumb\",\"itemListElement\":[{\"@type\":\"ListItem\",\"position\":1,\"name\":\"Home\",\"item\":\"https:\/\/vmwaretutorial.alonsocr.com\/\"},{\"@type\":\"ListItem\",\"position\":2,\"name\":\"Agregar y acceder servidor de la escuela\"}]},{\"@type\":\"WebSite\",\"@id\":\"https:\/\/vmwaretutorial.alonsocr.com\/#website\",\"url\":\"https:\/\/vmwaretutorial.alonsocr.com\/\",\"name\":\"Tutorial VMWare\",\"description\":\"Inicio\",\"potentialAction\":[{\"@type\":\"SearchAction\",\"target\":{\"@type\":\"EntryPoint\",\"urlTemplate\":\"https:\/\/vmwaretutorial.alonsocr.com\/?s={search_term_string}\"},\"query-input\":{\"@type\":\"PropertyValueSpecification\",\"valueRequired\":true,\"valueName\":\"search_term_string\"}}],\"inLanguage\":\"es-CR\"}]}<\/script>\n<!-- \/ Yoast SEO plugin. -->","yoast_head_json":{"title":"Agregar y acceder servidor de la escuela - Tutorial VMWare","description":"Cuando se nos solicite los datos de la cuenta, rellenamos los espacios, nos aseguramos de seccionar ESTUDIANTES y hacemos clic en Login.","robots":{"index":"index","follow":"follow","max-snippet":"max-snippet:-1","max-image-preview":"max-image-preview:large","max-video-preview":"max-video-preview:-1"},"canonical":"https:\/\/vmwaretutorial.alonsocr.com\/?page_id=49","og_locale":"es_ES","og_type":"article","og_title":"Agregar y acceder servidor de la escuela - Tutorial VMWare","og_description":"Cuando se nos solicite los datos de la cuenta, rellenamos los espacios, nos aseguramos de seccionar ESTUDIANTES y hacemos clic en Login.","og_url":"https:\/\/vmwaretutorial.alonsocr.com\/?page_id=49","og_site_name":"Tutorial VMWare","article_modified_time":"2022-12-29T17:07:20+00:00","twitter_card":"summary_large_image","twitter_misc":{"Est. reading time":"1 minuto"},"schema":{"@context":"https:\/\/schema.org","@graph":[{"@type":"WebPage","@id":"https:\/\/vmwaretutorial.alonsocr.com\/?page_id=49","url":"https:\/\/vmwaretutorial.alonsocr.com\/?page_id=49","name":"Agregar y acceder servidor de la escuela - Tutorial VMWare","isPartOf":{"@id":"https:\/\/vmwaretutorial.alonsocr.com\/#website"},"datePublished":"2021-05-13T02:49:26+00:00","dateModified":"2022-12-29T17:07:20+00:00","description":"Cuando se nos solicite los datos de la cuenta, rellenamos los espacios, nos aseguramos de seccionar ESTUDIANTES y hacemos clic en Login.","breadcrumb":{"@id":"https:\/\/vmwaretutorial.alonsocr.com\/?page_id=49#breadcrumb"},"inLanguage":"es-CR","potentialAction":[{"@type":"ReadAction","target":["https:\/\/vmwaretutorial.alonsocr.com\/?page_id=49"]}]},{"@type":"BreadcrumbList","@id":"https:\/\/vmwaretutorial.alonsocr.com\/?page_id=49#breadcrumb","itemListElement":[{"@type":"ListItem","position":1,"name":"Home","item":"https:\/\/vmwaretutorial.alonsocr.com\/"},{"@type":"ListItem","position":2,"name":"Agregar y acceder servidor de la escuela"}]},{"@type":"WebSite","@id":"https:\/\/vmwaretutorial.alonsocr.com\/#website","url":"https:\/\/vmwaretutorial.alonsocr.com\/","name":"Tutorial VMWare","description":"Inicio","potentialAction":[{"@type":"SearchAction","target":{"@type":"EntryPoint","urlTemplate":"https:\/\/vmwaretutorial.alonsocr.com\/?s={search_term_string}"},"query-input":{"@type":"PropertyValueSpecification","valueRequired":true,"valueName":"search_term_string"}}],"inLanguage":"es-CR"}]}},"_links":{"self":[{"href":"https:\/\/vmwaretutorial.alonsocr.com\/index.php?rest_route=\/wp\/v2\/pages\/49","targetHints":{"allow":["GET"]}}],"collection":[{"href":"https:\/\/vmwaretutorial.alonsocr.com\/index.php?rest_route=\/wp\/v2\/pages"}],"about":[{"href":"https:\/\/vmwaretutorial.alonsocr.com\/index.php?rest_route=\/wp\/v2\/types\/page"}],"author":[{"embeddable":true,"href":"https:\/\/vmwaretutorial.alonsocr.com\/index.php?rest_route=\/wp\/v2\/users\/1"}],"replies":[{"embeddable":true,"href":"https:\/\/vmwaretutorial.alonsocr.com\/index.php?rest_route=%2Fwp%2Fv2%2Fcomments&post=49"}],"version-history":[{"count":5,"href":"https:\/\/vmwaretutorial.alonsocr.com\/index.php?rest_route=\/wp\/v2\/pages\/49\/revisions"}],"predecessor-version":[{"id":91,"href":"https:\/\/vmwaretutorial.alonsocr.com\/index.php?rest_route=\/wp\/v2\/pages\/49\/revisions\/91"}],"wp:attachment":[{"href":"https:\/\/vmwaretutorial.alonsocr.com\/index.php?rest_route=%2Fwp%2Fv2%2Fmedia&parent=49"}],"curies":[{"name":"wp","href":"https:\/\/api.w.org\/{rel}","templated":true}]}}