{"id":19,"date":"2021-05-12T20:32:24","date_gmt":"2021-05-12T20:32:24","guid":{"rendered":"http:\/\/vmwaretutorial.alonsocr.com\/?page_id=19"},"modified":"2021-05-13T02:47:37","modified_gmt":"2021-05-13T02:47:37","slug":"utilizar-desde-un-navegador-web","status":"publish","type":"page","link":"https:\/\/vmwaretutorial.alonsocr.com\/?page_id=19","title":{"rendered":"Utilizar desde un navegador web"},"content":{"rendered":"\n<p>El VMware puede ser utilizado en cualquier navegador mientras cuente con acceso a internet. Para utilizarlo desde el navegador debe de dirigirse al navegador y redigirser al siguiente enlace:&nbsp;<a href=\"https:\/\/virtual.ie.tec.ac.cr\/\">https:\/\/virtual.ie.tec.ac.cr<\/a><\/p>\n\n\n\n<p>Cuando se le solicite ingresar los datos recuerda que la contrase\u00f1a y usuario fueron otorgados por el administrador de red de la escuela de ingenier\u00eda electr\u00f3nica, por lo tanto debe de recordar sus predenciales.<br>A continuaci\u00f3n hay un v\u00eddeo mostrando lo que debe hacer para poder acceder correctamente al enterno virtual de VMware Horizon y a la vez tambi\u00e9n como salir de este.<\/p>\n\n\n\n<figure class=\"wp-block-video\"><video controls src=\"http:\/\/vmwaretutorial.alonsocr.com\/wp-content\/uploads\/2021\/05\/descarga_intalacion-1.mp4\"><\/video><\/figure>\n\n\n\n<p>En el v\u00eddeo anterior se le muestran las m\u00e1quinas virtuales y los programas que posee VMware Horizon, si desea saber m\u00e1s al respecto dirijase a:\u00a0<a href=\"http:\/\/localhost\/Tutorial_VMware_Escuela_IE\/page_secundary\/maquinas_virtuales_programas_disponibles.php\">M\u00e1quinas virtuales y aplicaciones disponibles.<\/a><\/p>\n","protected":false},"excerpt":{"rendered":"<p>El VMware puede ser utilizado en cualquier navegador mientras cuente con acceso a internet. Para utilizarlo desde el navegador debe de dirigirse al navegador y redigirser al siguiente enlace:&nbsp;https:\/\/virtual.ie.tec.ac.cr Cuando se le solicite ingresar los datos recuerda que la contrase\u00f1a y usuario fueron otorgados por el administrador de red de la escuela de ingenier\u00eda electr\u00f3nica, [&hellip;]<\/p>\n","protected":false},"author":1,"featured_media":0,"parent":0,"menu_order":0,"comment_status":"closed","ping_status":"closed","template":"","meta":{"footnotes":""},"class_list":["post-19","page","type-page","status-publish","hentry"],"yoast_head":"<!-- This site is optimized with the Yoast SEO plugin v26.8 - https:\/\/yoast.com\/product\/yoast-seo-wordpress\/ -->\n<title>Utilizar desde un navegador web - Tutorial VMWare<\/title>\n<meta name=\"robots\" content=\"index, follow, max-snippet:-1, max-image-preview:large, max-video-preview:-1\" \/>\n<link rel=\"canonical\" href=\"https:\/\/vmwaretutorial.alonsocr.com\/?page_id=19\" \/>\n<meta property=\"og:locale\" content=\"es_ES\" \/>\n<meta property=\"og:type\" content=\"article\" \/>\n<meta property=\"og:title\" content=\"Utilizar desde un navegador web - Tutorial VMWare\" \/>\n<meta property=\"og:description\" content=\"El VMware puede ser utilizado en cualquier navegador mientras cuente con acceso a internet. Para utilizarlo desde el navegador debe de dirigirse al navegador y redigirser al siguiente enlace:&nbsp;https:\/\/virtual.ie.tec.ac.cr Cuando se le solicite ingresar los datos recuerda que la contrase\u00f1a y usuario fueron otorgados por el administrador de red de la escuela de ingenier\u00eda electr\u00f3nica, [&hellip;]\" \/>\n<meta property=\"og:url\" content=\"https:\/\/vmwaretutorial.alonsocr.com\/?page_id=19\" \/>\n<meta property=\"og:site_name\" content=\"Tutorial VMWare\" \/>\n<meta property=\"article:modified_time\" content=\"2021-05-13T02:47:37+00:00\" \/>\n<meta name=\"twitter:card\" content=\"summary_large_image\" \/>\n<meta name=\"twitter:label1\" content=\"Est. reading time\" \/>\n\t<meta name=\"twitter:data1\" content=\"1 minuto\" \/>\n<script type=\"application\/ld+json\" class=\"yoast-schema-graph\">{\"@context\":\"https:\/\/schema.org\",\"@graph\":[{\"@type\":\"WebPage\",\"@id\":\"https:\/\/vmwaretutorial.alonsocr.com\/?page_id=19\",\"url\":\"https:\/\/vmwaretutorial.alonsocr.com\/?page_id=19\",\"name\":\"Utilizar desde un navegador web - Tutorial VMWare\",\"isPartOf\":{\"@id\":\"https:\/\/vmwaretutorial.alonsocr.com\/#website\"},\"datePublished\":\"2021-05-12T20:32:24+00:00\",\"dateModified\":\"2021-05-13T02:47:37+00:00\",\"breadcrumb\":{\"@id\":\"https:\/\/vmwaretutorial.alonsocr.com\/?page_id=19#breadcrumb\"},\"inLanguage\":\"es-CR\",\"potentialAction\":[{\"@type\":\"ReadAction\",\"target\":[\"https:\/\/vmwaretutorial.alonsocr.com\/?page_id=19\"]}]},{\"@type\":\"BreadcrumbList\",\"@id\":\"https:\/\/vmwaretutorial.alonsocr.com\/?page_id=19#breadcrumb\",\"itemListElement\":[{\"@type\":\"ListItem\",\"position\":1,\"name\":\"Home\",\"item\":\"https:\/\/vmwaretutorial.alonsocr.com\/\"},{\"@type\":\"ListItem\",\"position\":2,\"name\":\"Utilizar desde un navegador web\"}]},{\"@type\":\"WebSite\",\"@id\":\"https:\/\/vmwaretutorial.alonsocr.com\/#website\",\"url\":\"https:\/\/vmwaretutorial.alonsocr.com\/\",\"name\":\"Tutorial VMWare\",\"description\":\"Inicio\",\"potentialAction\":[{\"@type\":\"SearchAction\",\"target\":{\"@type\":\"EntryPoint\",\"urlTemplate\":\"https:\/\/vmwaretutorial.alonsocr.com\/?s={search_term_string}\"},\"query-input\":{\"@type\":\"PropertyValueSpecification\",\"valueRequired\":true,\"valueName\":\"search_term_string\"}}],\"inLanguage\":\"es-CR\"}]}<\/script>\n<!-- \/ Yoast SEO plugin. -->","yoast_head_json":{"title":"Utilizar desde un navegador web - Tutorial VMWare","robots":{"index":"index","follow":"follow","max-snippet":"max-snippet:-1","max-image-preview":"max-image-preview:large","max-video-preview":"max-video-preview:-1"},"canonical":"https:\/\/vmwaretutorial.alonsocr.com\/?page_id=19","og_locale":"es_ES","og_type":"article","og_title":"Utilizar desde un navegador web - Tutorial VMWare","og_description":"El VMware puede ser utilizado en cualquier navegador mientras cuente con acceso a internet. Para utilizarlo desde el navegador debe de dirigirse al navegador y redigirser al siguiente enlace:&nbsp;https:\/\/virtual.ie.tec.ac.cr Cuando se le solicite ingresar los datos recuerda que la contrase\u00f1a y usuario fueron otorgados por el administrador de red de la escuela de ingenier\u00eda electr\u00f3nica, [&hellip;]","og_url":"https:\/\/vmwaretutorial.alonsocr.com\/?page_id=19","og_site_name":"Tutorial VMWare","article_modified_time":"2021-05-13T02:47:37+00:00","twitter_card":"summary_large_image","twitter_misc":{"Est. reading time":"1 minuto"},"schema":{"@context":"https:\/\/schema.org","@graph":[{"@type":"WebPage","@id":"https:\/\/vmwaretutorial.alonsocr.com\/?page_id=19","url":"https:\/\/vmwaretutorial.alonsocr.com\/?page_id=19","name":"Utilizar desde un navegador web - Tutorial VMWare","isPartOf":{"@id":"https:\/\/vmwaretutorial.alonsocr.com\/#website"},"datePublished":"2021-05-12T20:32:24+00:00","dateModified":"2021-05-13T02:47:37+00:00","breadcrumb":{"@id":"https:\/\/vmwaretutorial.alonsocr.com\/?page_id=19#breadcrumb"},"inLanguage":"es-CR","potentialAction":[{"@type":"ReadAction","target":["https:\/\/vmwaretutorial.alonsocr.com\/?page_id=19"]}]},{"@type":"BreadcrumbList","@id":"https:\/\/vmwaretutorial.alonsocr.com\/?page_id=19#breadcrumb","itemListElement":[{"@type":"ListItem","position":1,"name":"Home","item":"https:\/\/vmwaretutorial.alonsocr.com\/"},{"@type":"ListItem","position":2,"name":"Utilizar desde un navegador web"}]},{"@type":"WebSite","@id":"https:\/\/vmwaretutorial.alonsocr.com\/#website","url":"https:\/\/vmwaretutorial.alonsocr.com\/","name":"Tutorial VMWare","description":"Inicio","potentialAction":[{"@type":"SearchAction","target":{"@type":"EntryPoint","urlTemplate":"https:\/\/vmwaretutorial.alonsocr.com\/?s={search_term_string}"},"query-input":{"@type":"PropertyValueSpecification","valueRequired":true,"valueName":"search_term_string"}}],"inLanguage":"es-CR"}]}},"_links":{"self":[{"href":"https:\/\/vmwaretutorial.alonsocr.com\/index.php?rest_route=\/wp\/v2\/pages\/19","targetHints":{"allow":["GET"]}}],"collection":[{"href":"https:\/\/vmwaretutorial.alonsocr.com\/index.php?rest_route=\/wp\/v2\/pages"}],"about":[{"href":"https:\/\/vmwaretutorial.alonsocr.com\/index.php?rest_route=\/wp\/v2\/types\/page"}],"author":[{"embeddable":true,"href":"https:\/\/vmwaretutorial.alonsocr.com\/index.php?rest_route=\/wp\/v2\/users\/1"}],"replies":[{"embeddable":true,"href":"https:\/\/vmwaretutorial.alonsocr.com\/index.php?rest_route=%2Fwp%2Fv2%2Fcomments&post=19"}],"version-history":[{"count":4,"href":"https:\/\/vmwaretutorial.alonsocr.com\/index.php?rest_route=\/wp\/v2\/pages\/19\/revisions"}],"predecessor-version":[{"id":48,"href":"https:\/\/vmwaretutorial.alonsocr.com\/index.php?rest_route=\/wp\/v2\/pages\/19\/revisions\/48"}],"wp:attachment":[{"href":"https:\/\/vmwaretutorial.alonsocr.com\/index.php?rest_route=%2Fwp%2Fv2%2Fmedia&parent=19"}],"curies":[{"name":"wp","href":"https:\/\/api.w.org\/{rel}","templated":true}]}}