{"id":14,"date":"2021-05-12T02:32:30","date_gmt":"2021-05-12T02:32:30","guid":{"rendered":"http:\/\/vmwaretutorial.alonsocr.com\/?page_id=14"},"modified":"2021-05-20T15:35:55","modified_gmt":"2021-05-20T15:35:55","slug":"descarga-e-instalacion","status":"publish","type":"page","link":"https:\/\/vmwaretutorial.alonsocr.com\/?page_id=14","title":{"rendered":"Descarga e instalaci\u00f3n"},"content":{"rendered":"\n<div class=\"wp-block-columns is-layout-flex wp-container-core-columns-is-layout-1 wp-block-columns-is-layout-flex\">\n<div class=\"wp-block-column is-layout-flow wp-block-column-is-layout-flow\" style=\"flex-basis:100%\">\n<p>Descargar e instalar el programa de VMware Horizon es una tarea sencilla. Para descargarlo solo tiene que darle click en el bot\u00f3n de descargar.<\/p>\n<\/div>\n<\/div>\n\n\n\n<div class=\"wp-block-buttons is-content-justification-center is-layout-flex wp-block-buttons-is-layout-flex\">\n<div class=\"wp-block-button has-custom-width wp-block-button__width-100\"><a class=\"wp-block-button__link\" style=\"border-radius:7px\">Descargar<\/a><\/div>\n<\/div>\n\n\n\n<p>Al presionar Descargar, nos redirige a la p\u00e1gina de descarga de VMware Horizon, en donde nos aparecer\u00e1n los diferentes sistemas operativos.<\/p>\n\n\n\n<p id=\"borde\">Cuando le damos clic al sistema operativo nos abrir\u00e1 una ventana donde veremos las diferentes versiones (recomendamos descargar las m\u00e1s recientes) y presionar el bot\u00f3n&nbsp;Go To Downloads.<\/p>\n\n\n\n<p>Nos va a redirigir a una nueva pesta\u00f1a, y solo le damos clic en el bot\u00f3n de Download.<\/p>\n\n\n\n<div class=\"wp-block-buttons is-layout-flex wp-block-buttons-is-layout-flex\"><\/div>\n\n\n\n<div class=\"wp-block-group\"><div class=\"wp-block-group__inner-container is-layout-flow wp-block-group-is-layout-flow\">\n<h1 class=\"title_two wp-block-heading\">Instalaci\u00f3n<\/h1>\n\n\n\n<p>Abrimos el archivo que descarg\u00f3 de VMware, presiona el bot\u00f3n de Agree y Install, donde aparecer\u00e1 una pesta\u00f1a en donde se est\u00e1 instalando la aplicaci\u00f3n, cuando finalice tendr\u00e1 que reiniciar el dispositivo, ya que el programa lo solicita.<\/p>\n\n\n\n<p>A continuaci\u00f3n podr\u00e1 ver un video en donde se realiza la instalaci\u00f3n del programa y qu\u00e9 debe hacer.<\/p>\n<\/div><\/div>\n\n\n\n<figure class=\"wp-block-video\"><video controls src=\"http:\/\/vmwaretutorial.alonsocr.com\/wp-content\/uploads\/2021\/05\/descarga_intalacion.mp4\"><\/video><\/figure>\n","protected":false},"excerpt":{"rendered":"<p>Descargar e instalar el programa de VMware Horizon es una tarea sencilla. Para descargarlo solo tiene que darle click en el bot\u00f3n de descargar. Al presionar Descargar, nos redirige a la p\u00e1gina de descarga de VMware Horizon, en donde nos aparecer\u00e1n los diferentes sistemas operativos. Cuando le damos clic al sistema operativo nos abrir\u00e1 una [&hellip;]<\/p>\n","protected":false},"author":1,"featured_media":0,"parent":0,"menu_order":0,"comment_status":"closed","ping_status":"closed","template":"","meta":{"footnotes":""},"class_list":["post-14","page","type-page","status-publish","hentry"],"yoast_head":"<!-- This site is optimized with the Yoast SEO plugin v26.8 - https:\/\/yoast.com\/product\/yoast-seo-wordpress\/ -->\n<title>Descarga e instalaci\u00f3n - Tutorial VMWare<\/title>\n<meta name=\"robots\" content=\"index, follow, max-snippet:-1, max-image-preview:large, max-video-preview:-1\" \/>\n<link rel=\"canonical\" href=\"https:\/\/vmwaretutorial.alonsocr.com\/?page_id=14\" \/>\n<meta property=\"og:locale\" content=\"es_ES\" \/>\n<meta property=\"og:type\" content=\"article\" \/>\n<meta property=\"og:title\" content=\"Descarga e instalaci\u00f3n - Tutorial VMWare\" \/>\n<meta property=\"og:description\" content=\"Descargar e instalar el programa de VMware Horizon es una tarea sencilla. Para descargarlo solo tiene que darle click en el bot\u00f3n de descargar. Al presionar Descargar, nos redirige a la p\u00e1gina de descarga de VMware Horizon, en donde nos aparecer\u00e1n los diferentes sistemas operativos. Cuando le damos clic al sistema operativo nos abrir\u00e1 una [&hellip;]\" \/>\n<meta property=\"og:url\" content=\"https:\/\/vmwaretutorial.alonsocr.com\/?page_id=14\" \/>\n<meta property=\"og:site_name\" content=\"Tutorial VMWare\" \/>\n<meta property=\"article:modified_time\" content=\"2021-05-20T15:35:55+00:00\" \/>\n<meta name=\"twitter:card\" content=\"summary_large_image\" \/>\n<meta name=\"twitter:label1\" content=\"Est. reading time\" \/>\n\t<meta name=\"twitter:data1\" content=\"1 minuto\" \/>\n<script type=\"application\/ld+json\" class=\"yoast-schema-graph\">{\"@context\":\"https:\/\/schema.org\",\"@graph\":[{\"@type\":\"WebPage\",\"@id\":\"https:\/\/vmwaretutorial.alonsocr.com\/?page_id=14\",\"url\":\"https:\/\/vmwaretutorial.alonsocr.com\/?page_id=14\",\"name\":\"Descarga e instalaci\u00f3n - Tutorial VMWare\",\"isPartOf\":{\"@id\":\"https:\/\/vmwaretutorial.alonsocr.com\/#website\"},\"datePublished\":\"2021-05-12T02:32:30+00:00\",\"dateModified\":\"2021-05-20T15:35:55+00:00\",\"breadcrumb\":{\"@id\":\"https:\/\/vmwaretutorial.alonsocr.com\/?page_id=14#breadcrumb\"},\"inLanguage\":\"es-CR\",\"potentialAction\":[{\"@type\":\"ReadAction\",\"target\":[\"https:\/\/vmwaretutorial.alonsocr.com\/?page_id=14\"]}]},{\"@type\":\"BreadcrumbList\",\"@id\":\"https:\/\/vmwaretutorial.alonsocr.com\/?page_id=14#breadcrumb\",\"itemListElement\":[{\"@type\":\"ListItem\",\"position\":1,\"name\":\"Home\",\"item\":\"https:\/\/vmwaretutorial.alonsocr.com\/\"},{\"@type\":\"ListItem\",\"position\":2,\"name\":\"Descarga e instalaci\u00f3n\"}]},{\"@type\":\"WebSite\",\"@id\":\"https:\/\/vmwaretutorial.alonsocr.com\/#website\",\"url\":\"https:\/\/vmwaretutorial.alonsocr.com\/\",\"name\":\"Tutorial VMWare\",\"description\":\"Inicio\",\"potentialAction\":[{\"@type\":\"SearchAction\",\"target\":{\"@type\":\"EntryPoint\",\"urlTemplate\":\"https:\/\/vmwaretutorial.alonsocr.com\/?s={search_term_string}\"},\"query-input\":{\"@type\":\"PropertyValueSpecification\",\"valueRequired\":true,\"valueName\":\"search_term_string\"}}],\"inLanguage\":\"es-CR\"}]}<\/script>\n<!-- \/ Yoast SEO plugin. -->","yoast_head_json":{"title":"Descarga e instalaci\u00f3n - Tutorial VMWare","robots":{"index":"index","follow":"follow","max-snippet":"max-snippet:-1","max-image-preview":"max-image-preview:large","max-video-preview":"max-video-preview:-1"},"canonical":"https:\/\/vmwaretutorial.alonsocr.com\/?page_id=14","og_locale":"es_ES","og_type":"article","og_title":"Descarga e instalaci\u00f3n - Tutorial VMWare","og_description":"Descargar e instalar el programa de VMware Horizon es una tarea sencilla. Para descargarlo solo tiene que darle click en el bot\u00f3n de descargar. Al presionar Descargar, nos redirige a la p\u00e1gina de descarga de VMware Horizon, en donde nos aparecer\u00e1n los diferentes sistemas operativos. Cuando le damos clic al sistema operativo nos abrir\u00e1 una [&hellip;]","og_url":"https:\/\/vmwaretutorial.alonsocr.com\/?page_id=14","og_site_name":"Tutorial VMWare","article_modified_time":"2021-05-20T15:35:55+00:00","twitter_card":"summary_large_image","twitter_misc":{"Est. reading time":"1 minuto"},"schema":{"@context":"https:\/\/schema.org","@graph":[{"@type":"WebPage","@id":"https:\/\/vmwaretutorial.alonsocr.com\/?page_id=14","url":"https:\/\/vmwaretutorial.alonsocr.com\/?page_id=14","name":"Descarga e instalaci\u00f3n - Tutorial VMWare","isPartOf":{"@id":"https:\/\/vmwaretutorial.alonsocr.com\/#website"},"datePublished":"2021-05-12T02:32:30+00:00","dateModified":"2021-05-20T15:35:55+00:00","breadcrumb":{"@id":"https:\/\/vmwaretutorial.alonsocr.com\/?page_id=14#breadcrumb"},"inLanguage":"es-CR","potentialAction":[{"@type":"ReadAction","target":["https:\/\/vmwaretutorial.alonsocr.com\/?page_id=14"]}]},{"@type":"BreadcrumbList","@id":"https:\/\/vmwaretutorial.alonsocr.com\/?page_id=14#breadcrumb","itemListElement":[{"@type":"ListItem","position":1,"name":"Home","item":"https:\/\/vmwaretutorial.alonsocr.com\/"},{"@type":"ListItem","position":2,"name":"Descarga e instalaci\u00f3n"}]},{"@type":"WebSite","@id":"https:\/\/vmwaretutorial.alonsocr.com\/#website","url":"https:\/\/vmwaretutorial.alonsocr.com\/","name":"Tutorial VMWare","description":"Inicio","potentialAction":[{"@type":"SearchAction","target":{"@type":"EntryPoint","urlTemplate":"https:\/\/vmwaretutorial.alonsocr.com\/?s={search_term_string}"},"query-input":{"@type":"PropertyValueSpecification","valueRequired":true,"valueName":"search_term_string"}}],"inLanguage":"es-CR"}]}},"_links":{"self":[{"href":"https:\/\/vmwaretutorial.alonsocr.com\/index.php?rest_route=\/wp\/v2\/pages\/14","targetHints":{"allow":["GET"]}}],"collection":[{"href":"https:\/\/vmwaretutorial.alonsocr.com\/index.php?rest_route=\/wp\/v2\/pages"}],"about":[{"href":"https:\/\/vmwaretutorial.alonsocr.com\/index.php?rest_route=\/wp\/v2\/types\/page"}],"author":[{"embeddable":true,"href":"https:\/\/vmwaretutorial.alonsocr.com\/index.php?rest_route=\/wp\/v2\/users\/1"}],"replies":[{"embeddable":true,"href":"https:\/\/vmwaretutorial.alonsocr.com\/index.php?rest_route=%2Fwp%2Fv2%2Fcomments&post=14"}],"version-history":[{"count":58,"href":"https:\/\/vmwaretutorial.alonsocr.com\/index.php?rest_route=\/wp\/v2\/pages\/14\/revisions"}],"predecessor-version":[{"id":314,"href":"https:\/\/vmwaretutorial.alonsocr.com\/index.php?rest_route=\/wp\/v2\/pages\/14\/revisions\/314"}],"wp:attachment":[{"href":"https:\/\/vmwaretutorial.alonsocr.com\/index.php?rest_route=%2Fwp%2Fv2%2Fmedia&parent=14"}],"curies":[{"name":"wp","href":"https:\/\/api.w.org\/{rel}","templated":true}]}}